{"id":16,"date":"2022-12-09T11:10:54","date_gmt":"2022-12-09T10:10:54","guid":{"rendered":"http:\/\/innyslask.pl\/?page_id=16"},"modified":"2022-12-09T17:02:24","modified_gmt":"2022-12-09T16:02:24","slug":"kontakt","status":"publish","type":"page","link":"https:\/\/innyslask.pl\/?page_id=16","title":{"rendered":"Kontakt"},"content":{"rendered":"\n<p class=\"has-link-color wp-elements-04f152ac3cf7d6525653b401e0cf9cae\"><strong>Adres i dane kontaktowe:<\/strong><br>Krzysztof Mazik<br>Galeria Sztuki Inny \u015al\u0105sk<br>ul. Karola Miarki 2<br>42-600 Tarnowskie G\u00f3ry<br>tel. (32) 285 54 73<br>email: <a href=\"mailto:innyslask@gmail.com\">innyslask@gmail.com<\/a><\/p>\n\n\n\n<p class=\"has-secondary-background-color has-background\"><strong>Godziny otwarcia Galerii i kawiarni:<\/strong><br>Poniedzia\u0142ek: 13:00-16:00 i od 19:00<br>Wtorek: 13:00-16:00 i od 19:00<br>\u015aroda: 13:00-16:00 i od 19:00<br>Czwartek: 13:00-16:00 i od 19:00<br>Pi\u0105tek: 13:00-16:00 i od 19:00<br>Sobota: od 19:00<br>Niedziela: nieczynne<br><br><em>Mo\u017cliwe um\u00f3wienie wizyty w innym terminie, prosimy o kontakt telefoniczny lub mailowy.<\/em><\/p>\n","protected":false},"excerpt":{"rendered":"<p>Adres i dane kontaktowe:Krzysztof MazikGaleria Sztuki Inny \u015al\u0105skul. Karola Miarki 242-600 Tarnowskie G\u00f3rytel. (32) 285 54 73email: innyslask@gmail.com Godziny otwarcia Galerii i kawiarni:Poniedzia\u0142ek: 13:00-16:00 i od 19:00Wtorek: 13:00-16:00 i od 19:00\u015aroda: 13:00-16:00 i od 19:00Czwartek: 13:00-16:00 i od 19:00Pi\u0105tek: 13:00-16:00 i od 19:00Sobota: od 19:00Niedziela: nieczynne Mo\u017cliwe um\u00f3wienie wizyty w innym terminie, prosimy o kontakt [&hellip;]<\/p>\n","protected":false},"author":1,"featured_media":0,"parent":0,"menu_order":0,"comment_status":"closed","ping_status":"closed","template":"","meta":{"om_disable_all_campaigns":false,"_monsterinsights_skip_tracking":false,"_monsterinsights_sitenote_active":false,"_monsterinsights_sitenote_note":"","_monsterinsights_sitenote_category":0,"footnotes":""},"class_list":["post-16","page","type-page","status-publish","hentry"],"aioseo_notices":[],"_links":{"self":[{"href":"https:\/\/innyslask.pl\/index.php?rest_route=\/wp\/v2\/pages\/16","targetHints":{"allow":["GET"]}}],"collection":[{"href":"https:\/\/innyslask.pl\/index.php?rest_route=\/wp\/v2\/pages"}],"about":[{"href":"https:\/\/innyslask.pl\/index.php?rest_route=\/wp\/v2\/types\/page"}],"author":[{"embeddable":true,"href":"https:\/\/innyslask.pl\/index.php?rest_route=\/wp\/v2\/users\/1"}],"replies":[{"embeddable":true,"href":"https:\/\/innyslask.pl\/index.php?rest_route=%2Fwp%2Fv2%2Fcomments&post=16"}],"version-history":[{"count":2,"href":"https:\/\/innyslask.pl\/index.php?rest_route=\/wp\/v2\/pages\/16\/revisions"}],"predecessor-version":[{"id":102,"href":"https:\/\/innyslask.pl\/index.php?rest_route=\/wp\/v2\/pages\/16\/revisions\/102"}],"wp:attachment":[{"href":"https:\/\/innyslask.pl\/index.php?rest_route=%2Fwp%2Fv2%2Fmedia&parent=16"}],"curies":[{"name":"wp","href":"https:\/\/api.w.org\/{rel}","templated":true}]}}